{"id":2,"date":"2025-05-08T14:01:41","date_gmt":"2025-05-08T14:01:41","guid":{"rendered":"https:\/\/heinkapatxi.rkinformatika.online\/?page_id=2"},"modified":"2025-05-13T07:08:28","modified_gmt":"2025-05-13T07:08:28","slug":"inicio","status":"publish","type":"page","link":"https:\/\/heinkapatxi.com\/eu\/","title":{"rendered":"Hasiera"},"content":{"rendered":"<div data-elementor-type=\"wp-page\" data-elementor-id=\"2\" class=\"elementor elementor-2\" data-elementor-post-type=\"page\">\n\t\t\t\t<div class=\"elementor-element elementor-element-4a427f0 e-con-full e-flex e-con e-parent\" data-id=\"4a427f0\" data-element_type=\"container\" data-e-type=\"container\" data-settings=\"{&quot;background_background&quot;:&quot;classic&quot;}\">\n\t\t<div class=\"elementor-element elementor-element-26edbff e-flex e-con-boxed e-con e-child\" data-id=\"26edbff\" data-element_type=\"container\" data-e-type=\"container\" data-settings=\"{&quot;background_background&quot;:&quot;classic&quot;}\">\n\t\t\t\t\t<div class=\"e-con-inner\">\n\t\t\t\t<div class=\"elementor-element elementor-element-324ebd3 elementor-invisible elementor-widget elementor-widget-heading\" data-id=\"324ebd3\" data-element_type=\"widget\" data-e-type=\"widget\" data-settings=\"{&quot;_animation&quot;:&quot;fadeInDown&quot;}\" data-widget_type=\"heading.default\">\n\t\t\t\t<div class=\"elementor-widget-container\">\n\t\t\t\t\t<h2 class=\"elementor-heading-title elementor-size-default\">Ongi etorri Heinkara<\/h2>\t\t\t\t<\/div>\n\t\t\t\t<\/div>\n\t\t\t\t<div class=\"elementor-element elementor-element-79465be elementor-invisible elementor-widget elementor-widget-heading\" data-id=\"79465be\" data-element_type=\"widget\" data-e-type=\"widget\" data-settings=\"{&quot;_animation&quot;:&quot;fadeInDown&quot;}\" data-widget_type=\"heading.default\">\n\t\t\t\t<div class=\"elementor-widget-container\">\n\t\t\t\t\t<h2 class=\"elementor-heading-title elementor-size-default\">Zaintza barrutik hasten den lekuan.<\/h2>\t\t\t\t<\/div>\n\t\t\t\t<\/div>\n\t\t\t\t\t<\/div>\n\t\t\t\t<\/div>\n\t\t<div class=\"elementor-element elementor-element-10a50a5 e-flex e-con-boxed e-con e-child\" data-id=\"10a50a5\" data-element_type=\"container\" data-e-type=\"container\" data-settings=\"{&quot;background_background&quot;:&quot;classic&quot;}\">\n\t\t\t\t\t<div class=\"e-con-inner\">\n\t\t<div class=\"elementor-element elementor-element-e30f210 e-con-full e-flex e-con e-child\" data-id=\"e30f210\" data-element_type=\"container\" data-e-type=\"container\" data-settings=\"{&quot;background_background&quot;:&quot;classic&quot;}\">\n\t\t\t\t<div class=\"elementor-element elementor-element-1212714 elementor-widget elementor-widget-heading\" data-id=\"1212714\" data-element_type=\"widget\" data-e-type=\"widget\" data-widget_type=\"heading.default\">\n\t\t\t\t<div class=\"elementor-widget-container\">\n\t\t\t\t\t<h2 class=\"elementor-heading-title elementor-size-default\">Gure Historia<\/h2>\t\t\t\t<\/div>\n\t\t\t\t<\/div>\n\t\t\t\t<div class=\"elementor-element elementor-element-084e8dc elementor-widget elementor-widget-text-editor\" data-id=\"084e8dc\" data-element_type=\"widget\" data-e-type=\"widget\" data-widget_type=\"text-editor.default\">\n\t\t\t\t<div class=\"elementor-widget-container\">\n\t\t\t\t\t\t\t\t\t<p class=\"\" data-start=\"164\" data-end=\"527\">Urteak dira psikologia, masaje-terapia, osteopatia eta naturopatia lotzen dituen proiektu bat garatzen dudala, ikuspegi integratzaile eta kontzientearekin. Bi adarretan teknika tradizionalak terapia kuantikoekin konbinatzen ditut, hala nola LNT (Terapia Berria) eta Energia Diamantino Kristalinarekin, betiere gorputzaren, buruaren eta energiaren arteko oreka sakona bilatuz.<\/p><p class=\"\" data-start=\"529\" data-end=\"669\">Berrizen (Bizkaia) egin ohi dut lan, eta asteazkenetan ere kontsulta egiten dut Bilbon, Equinatur Dietetika eta Nutrizio Zentroan.<\/p><p class=\"\" data-start=\"671\" data-end=\"1006\">Gainera, yoga irakaslea naiz duela 25 urte baino gehiagotik, eta diziplina hori emakume taldeekin partekatzen dut Gure Izarrak elkartearen bidez, Berrizko Kulturetxean. Esperientzia horrek guztiak erakutsi dit pertsona bakoitza unibertso bakarra dela, eta nire lana errespetutik, entzutetik eta zaintza integraletik laguntzea da.<\/p>\t\t\t\t\t\t\t\t<\/div>\n\t\t\t\t<\/div>\n\t\t\t\t<\/div>\n\t\t<div class=\"elementor-element elementor-element-b57a65e e-con-full e-flex e-con e-child\" data-id=\"b57a65e\" data-element_type=\"container\" data-e-type=\"container\" data-settings=\"{&quot;background_background&quot;:&quot;classic&quot;}\">\n\t\t\t\t<div class=\"elementor-element elementor-element-a253891 elementor-absolute elementor-widget elementor-widget-image\" data-id=\"a253891\" data-element_type=\"widget\" data-e-type=\"widget\" data-settings=\"{&quot;_position&quot;:&quot;absolute&quot;}\" data-widget_type=\"image.default\">\n\t\t\t\t<div class=\"elementor-widget-container\">\n\t\t\t\t\t\t\t\t\t\t\t\t\t\t\t<img fetchpriority=\"high\" decoding=\"async\" width=\"1920\" height=\"1080\" src=\"https:\/\/heinkapatxi.com\/wp-content\/uploads\/2025\/05\/Anadir-un-titulo-2025-05-08T182445.756.png\" class=\"attachment-full size-full wp-image-120\" alt=\"\" srcset=\"https:\/\/heinkapatxi.com\/wp-content\/uploads\/2025\/05\/Anadir-un-titulo-2025-05-08T182445.756.png 1920w, https:\/\/heinkapatxi.com\/wp-content\/uploads\/2025\/05\/Anadir-un-titulo-2025-05-08T182445.756-300x169.png 300w, https:\/\/heinkapatxi.com\/wp-content\/uploads\/2025\/05\/Anadir-un-titulo-2025-05-08T182445.756-1024x576.png 1024w, https:\/\/heinkapatxi.com\/wp-content\/uploads\/2025\/05\/Anadir-un-titulo-2025-05-08T182445.756-768x432.png 768w, https:\/\/heinkapatxi.com\/wp-content\/uploads\/2025\/05\/Anadir-un-titulo-2025-05-08T182445.756-1536x864.png 1536w, https:\/\/heinkapatxi.com\/wp-content\/uploads\/2025\/05\/Anadir-un-titulo-2025-05-08T182445.756-18x10.png 18w\" sizes=\"(max-width: 1920px) 100vw, 1920px\" \/>\t\t\t\t\t\t\t\t\t\t\t\t\t\t\t<\/div>\n\t\t\t\t<\/div>\n\t\t\t\t<\/div>\n\t\t\t\t\t<\/div>\n\t\t\t\t<\/div>\n\t\t\t\t<\/div>\n\t\t<div class=\"elementor-element elementor-element-6f07197 e-flex e-con-boxed e-con e-parent\" data-id=\"6f07197\" data-element_type=\"container\" data-e-type=\"container\" data-settings=\"{&quot;background_background&quot;:&quot;classic&quot;}\">\n\t\t\t\t\t<div class=\"e-con-inner\">\n\t\t\t\t<div class=\"elementor-element elementor-element-02592be elementor-invisible elementor-widget elementor-widget-heading\" data-id=\"02592be\" data-element_type=\"widget\" data-e-type=\"widget\" data-settings=\"{&quot;_animation&quot;:&quot;fadeInDown&quot;}\" data-widget_type=\"heading.default\">\n\t\t\t\t<div class=\"elementor-widget-container\">\n\t\t\t\t\t<h2 class=\"elementor-heading-title elementor-size-default\">Ezagutu zure ongizatearen alde egin dezakegun guztia.<\/h2>\t\t\t\t<\/div>\n\t\t\t\t<\/div>\n\t\t\t\t<div class=\"elementor-element elementor-element-7155dcc elementor-align-center animated-slow elementor-invisible elementor-widget elementor-widget-button\" data-id=\"7155dcc\" data-element_type=\"widget\" data-e-type=\"widget\" data-settings=\"{&quot;_animation&quot;:&quot;fadeIn&quot;}\" data-widget_type=\"button.default\">\n\t\t\t\t<div class=\"elementor-widget-container\">\n\t\t\t\t\t\t\t\t\t<div class=\"elementor-button-wrapper\">\n\t\t\t\t\t<a class=\"elementor-button elementor-button-link elementor-size-sm\" href=\"https:\/\/heinkapatxi.com\/eu\/servicio\/\">\n\t\t\t\t\t\t<span class=\"elementor-button-content-wrapper\">\n\t\t\t\t\t\t\t\t\t<span class=\"elementor-button-text\">Ikusi Zerbitzuak<\/span>\n\t\t\t\t\t<\/span>\n\t\t\t\t\t<\/a>\n\t\t\t\t<\/div>\n\t\t\t\t\t\t\t\t<\/div>\n\t\t\t\t<\/div>\n\t\t\t\t\t<\/div>\n\t\t\t\t<\/div>\n\t\t\t\t<\/div>","protected":false},"excerpt":{"rendered":"<p>Bienvenido a HEINKA Donde el cuidado empieza desde dentro. NUESTRA HISTORIA Desde hace a\u00f1os, desarrollo un proyecto que une la Psicolog\u00eda con la Masaje-terapia, la Osteopat\u00eda y la Naturopat\u00eda, con un enfoque integrador y consciente. En ambas ramas combino t\u00e9cnicas tradicionales con terapias cu\u00e1nticas como la LNT (La Nueva Terapia) y la Energ\u00eda Diamantina Cristalina, [&hellip;]<\/p>\n","protected":false},"author":1,"featured_media":0,"parent":0,"menu_order":0,"comment_status":"closed","ping_status":"closed","template":"elementor_canvas","meta":{"footnotes":""},"class_list":["post-2","page","type-page","status-publish","hentry"],"yoast_head":"<!-- This site is optimized with the Yoast SEO plugin v27.5 - https:\/\/yoast.com\/product\/yoast-seo-wordpress\/ -->\n<title>Inicio - Heinka Patxi<\/title>\n<meta name=\"robots\" content=\"index, follow, max-snippet:-1, max-image-preview:large, max-video-preview:-1\" \/>\n<link rel=\"canonical\" href=\"https:\/\/heinkapatxi.com\/eu\/\" \/>\n<meta property=\"og:locale\" content=\"en_US\" \/>\n<meta property=\"og:type\" content=\"article\" \/>\n<meta property=\"og:title\" content=\"Inicio - Heinka Patxi\" \/>\n<meta property=\"og:description\" content=\"Bienvenido a HEINKA Donde el cuidado empieza desde dentro. NUESTRA HISTORIA Desde hace a\u00f1os, desarrollo un proyecto que une la Psicolog\u00eda con la Masaje-terapia, la Osteopat\u00eda y la Naturopat\u00eda, con un enfoque integrador y consciente. En ambas ramas combino t\u00e9cnicas tradicionales con terapias cu\u00e1nticas como la LNT (La Nueva Terapia) y la Energ\u00eda Diamantina Cristalina, [&hellip;]\" \/>\n<meta property=\"og:url\" content=\"https:\/\/heinkapatxi.com\/eu\/\" \/>\n<meta property=\"og:site_name\" content=\"Heinka Patxi\" \/>\n<meta property=\"article:modified_time\" content=\"2025-05-13T07:08:28+00:00\" \/>\n<meta property=\"og:image\" content=\"https:\/\/heinkapatxi.com\/wp-content\/uploads\/2025\/05\/Anadir-un-titulo-2025-05-08T182445.756.png\" \/>\n<meta name=\"twitter:card\" content=\"summary_large_image\" \/>\n<meta name=\"twitter:label1\" content=\"Est. reading time\" \/>\n\t<meta name=\"twitter:data1\" content=\"1 minutua\" \/>\n<script type=\"application\/ld+json\" class=\"yoast-schema-graph\">{\"@context\":\"https:\\\/\\\/schema.org\",\"@graph\":[{\"@type\":\"WebPage\",\"@id\":\"https:\\\/\\\/heinkapatxi.com\\\/\",\"url\":\"https:\\\/\\\/heinkapatxi.com\\\/\",\"name\":\"Inicio - Heinka Patxi\",\"isPartOf\":{\"@id\":\"https:\\\/\\\/heinkapatxi.com\\\/#website\"},\"primaryImageOfPage\":{\"@id\":\"https:\\\/\\\/heinkapatxi.com\\\/#primaryimage\"},\"image\":{\"@id\":\"https:\\\/\\\/heinkapatxi.com\\\/#primaryimage\"},\"thumbnailUrl\":\"https:\\\/\\\/heinkapatxi.com\\\/wp-content\\\/uploads\\\/2025\\\/05\\\/Anadir-un-titulo-2025-05-08T182445.756.png\",\"datePublished\":\"2025-05-08T14:01:41+00:00\",\"dateModified\":\"2025-05-13T07:08:28+00:00\",\"breadcrumb\":{\"@id\":\"https:\\\/\\\/heinkapatxi.com\\\/#breadcrumb\"},\"inLanguage\":\"eu\",\"potentialAction\":[{\"@type\":\"ReadAction\",\"target\":[\"https:\\\/\\\/heinkapatxi.com\\\/\"]}]},{\"@type\":\"ImageObject\",\"inLanguage\":\"eu\",\"@id\":\"https:\\\/\\\/heinkapatxi.com\\\/#primaryimage\",\"url\":\"https:\\\/\\\/heinkapatxi.com\\\/wp-content\\\/uploads\\\/2025\\\/05\\\/Anadir-un-titulo-2025-05-08T182445.756.png\",\"contentUrl\":\"https:\\\/\\\/heinkapatxi.com\\\/wp-content\\\/uploads\\\/2025\\\/05\\\/Anadir-un-titulo-2025-05-08T182445.756.png\"},{\"@type\":\"BreadcrumbList\",\"@id\":\"https:\\\/\\\/heinkapatxi.com\\\/#breadcrumb\",\"itemListElement\":[{\"@type\":\"ListItem\",\"position\":1,\"name\":\"Portada\",\"item\":\"https:\\\/\\\/heinkapatxi.com\\\/\"},{\"@type\":\"ListItem\",\"position\":2,\"name\":\"Inicio\"}]},{\"@type\":\"WebSite\",\"@id\":\"https:\\\/\\\/heinkapatxi.com\\\/#website\",\"url\":\"https:\\\/\\\/heinkapatxi.com\\\/\",\"name\":\"Heinka Patxi\",\"description\":\"PSICOLOG\u00cdA(Ep\u00edgrafe 277600) Y MASAJE-OSTEOPAT\u00cdA-NATUROPAT\u00cdA(EP\u00cdGRAFE 284100)\",\"publisher\":{\"@id\":\"https:\\\/\\\/heinkapatxi.com\\\/#organization\"},\"potentialAction\":[{\"@type\":\"SearchAction\",\"target\":{\"@type\":\"EntryPoint\",\"urlTemplate\":\"https:\\\/\\\/heinkapatxi.com\\\/?s={search_term_string}\"},\"query-input\":{\"@type\":\"PropertyValueSpecification\",\"valueRequired\":true,\"valueName\":\"search_term_string\"}}],\"inLanguage\":\"eu\"},{\"@type\":\"Organization\",\"@id\":\"https:\\\/\\\/heinkapatxi.com\\\/#organization\",\"name\":\"Heinka Patxi\",\"url\":\"https:\\\/\\\/heinkapatxi.com\\\/\",\"logo\":{\"@type\":\"ImageObject\",\"inLanguage\":\"eu\",\"@id\":\"https:\\\/\\\/heinkapatxi.com\\\/#\\\/schema\\\/logo\\\/image\\\/\",\"url\":\"https:\\\/\\\/heinkapatxi.com\\\/wp-content\\\/uploads\\\/2025\\\/05\\\/Diseno-sin-titulo.png\",\"contentUrl\":\"https:\\\/\\\/heinkapatxi.com\\\/wp-content\\\/uploads\\\/2025\\\/05\\\/Diseno-sin-titulo.png\",\"width\":500,\"height\":500,\"caption\":\"Heinka Patxi\"},\"image\":{\"@id\":\"https:\\\/\\\/heinkapatxi.com\\\/#\\\/schema\\\/logo\\\/image\\\/\"}}]}<\/script>\n<!-- \/ Yoast SEO plugin. -->","yoast_head_json":{"title":"Inicio - Heinka Patxi","robots":{"index":"index","follow":"follow","max-snippet":"max-snippet:-1","max-image-preview":"max-image-preview:large","max-video-preview":"max-video-preview:-1"},"canonical":"https:\/\/heinkapatxi.com\/eu\/","og_locale":"en_US","og_type":"article","og_title":"Inicio - Heinka Patxi","og_description":"Bienvenido a HEINKA Donde el cuidado empieza desde dentro. NUESTRA HISTORIA Desde hace a\u00f1os, desarrollo un proyecto que une la Psicolog\u00eda con la Masaje-terapia, la Osteopat\u00eda y la Naturopat\u00eda, con un enfoque integrador y consciente. En ambas ramas combino t\u00e9cnicas tradicionales con terapias cu\u00e1nticas como la LNT (La Nueva Terapia) y la Energ\u00eda Diamantina Cristalina, [&hellip;]","og_url":"https:\/\/heinkapatxi.com\/eu\/","og_site_name":"Heinka Patxi","article_modified_time":"2025-05-13T07:08:28+00:00","og_image":[{"url":"https:\/\/heinkapatxi.com\/wp-content\/uploads\/2025\/05\/Anadir-un-titulo-2025-05-08T182445.756.png","type":"","width":"","height":""}],"twitter_card":"summary_large_image","twitter_misc":{"Est. reading time":"1 minutua"},"schema":{"@context":"https:\/\/schema.org","@graph":[{"@type":"WebPage","@id":"https:\/\/heinkapatxi.com\/","url":"https:\/\/heinkapatxi.com\/","name":"Inicio - Heinka Patxi","isPartOf":{"@id":"https:\/\/heinkapatxi.com\/#website"},"primaryImageOfPage":{"@id":"https:\/\/heinkapatxi.com\/#primaryimage"},"image":{"@id":"https:\/\/heinkapatxi.com\/#primaryimage"},"thumbnailUrl":"https:\/\/heinkapatxi.com\/wp-content\/uploads\/2025\/05\/Anadir-un-titulo-2025-05-08T182445.756.png","datePublished":"2025-05-08T14:01:41+00:00","dateModified":"2025-05-13T07:08:28+00:00","breadcrumb":{"@id":"https:\/\/heinkapatxi.com\/#breadcrumb"},"inLanguage":"eu","potentialAction":[{"@type":"ReadAction","target":["https:\/\/heinkapatxi.com\/"]}]},{"@type":"ImageObject","inLanguage":"eu","@id":"https:\/\/heinkapatxi.com\/#primaryimage","url":"https:\/\/heinkapatxi.com\/wp-content\/uploads\/2025\/05\/Anadir-un-titulo-2025-05-08T182445.756.png","contentUrl":"https:\/\/heinkapatxi.com\/wp-content\/uploads\/2025\/05\/Anadir-un-titulo-2025-05-08T182445.756.png"},{"@type":"BreadcrumbList","@id":"https:\/\/heinkapatxi.com\/#breadcrumb","itemListElement":[{"@type":"ListItem","position":1,"name":"Portada","item":"https:\/\/heinkapatxi.com\/"},{"@type":"ListItem","position":2,"name":"Inicio"}]},{"@type":"WebSite","@id":"https:\/\/heinkapatxi.com\/#website","url":"https:\/\/heinkapatxi.com\/","name":"Heinka Patxi","description":"PSICOLOG\u00cdA(Ep\u00edgrafe 277600) Y MASAJE-OSTEOPAT\u00cdA-NATUROPAT\u00cdA(EP\u00cdGRAFE 284100)","publisher":{"@id":"https:\/\/heinkapatxi.com\/#organization"},"potentialAction":[{"@type":"SearchAction","target":{"@type":"EntryPoint","urlTemplate":"https:\/\/heinkapatxi.com\/?s={search_term_string}"},"query-input":{"@type":"PropertyValueSpecification","valueRequired":true,"valueName":"search_term_string"}}],"inLanguage":"eu"},{"@type":"Organization","@id":"https:\/\/heinkapatxi.com\/#organization","name":"Heinka Patxi","url":"https:\/\/heinkapatxi.com\/","logo":{"@type":"ImageObject","inLanguage":"eu","@id":"https:\/\/heinkapatxi.com\/#\/schema\/logo\/image\/","url":"https:\/\/heinkapatxi.com\/wp-content\/uploads\/2025\/05\/Diseno-sin-titulo.png","contentUrl":"https:\/\/heinkapatxi.com\/wp-content\/uploads\/2025\/05\/Diseno-sin-titulo.png","width":500,"height":500,"caption":"Heinka Patxi"},"image":{"@id":"https:\/\/heinkapatxi.com\/#\/schema\/logo\/image\/"}}]}},"_links":{"self":[{"href":"https:\/\/heinkapatxi.com\/eu\/wp-json\/wp\/v2\/pages\/2","targetHints":{"allow":["GET"]}}],"collection":[{"href":"https:\/\/heinkapatxi.com\/eu\/wp-json\/wp\/v2\/pages"}],"about":[{"href":"https:\/\/heinkapatxi.com\/eu\/wp-json\/wp\/v2\/types\/page"}],"author":[{"embeddable":true,"href":"https:\/\/heinkapatxi.com\/eu\/wp-json\/wp\/v2\/users\/1"}],"replies":[{"embeddable":true,"href":"https:\/\/heinkapatxi.com\/eu\/wp-json\/wp\/v2\/comments?post=2"}],"version-history":[{"count":277,"href":"https:\/\/heinkapatxi.com\/eu\/wp-json\/wp\/v2\/pages\/2\/revisions"}],"predecessor-version":[{"id":769,"href":"https:\/\/heinkapatxi.com\/eu\/wp-json\/wp\/v2\/pages\/2\/revisions\/769"}],"wp:attachment":[{"href":"https:\/\/heinkapatxi.com\/eu\/wp-json\/wp\/v2\/media?parent=2"}],"curies":[{"name":"wp","href":"https:\/\/api.w.org\/{rel}","templated":true}]}}